{"id":2801,"date":"2025-03-30T22:23:42","date_gmt":"2025-03-30T22:23:42","guid":{"rendered":"http:\/\/christof.inoova.cloud\/pool-and-spa\/"},"modified":"2026-04-03T16:05:01","modified_gmt":"2026-04-03T16:05:01","slug":"pool-and-spa","status":"publish","type":"page","link":"https:\/\/www.hotel-christof.com\/it\/pool-and-spa\/","title":{"rendered":"POOL &#038; SPA"},"content":{"rendered":"","protected":false},"excerpt":{"rendered":"","protected":false},"author":2,"featured_media":0,"parent":0,"menu_order":0,"comment_status":"closed","ping_status":"closed","template":"","meta":{"_acf_changed":false,"_monsterinsights_skip_tracking":false,"_monsterinsights_sitenote_active":false,"_monsterinsights_sitenote_note":"","_monsterinsights_sitenote_category":0,"footnotes":""},"class_list":["post-2801","page","type-page","status-publish","hentry"],"acf":[],"yoast_head":"<!-- This site is optimized with the Yoast SEO plugin v27.5 - https:\/\/yoast.com\/product\/yoast-seo-wordpress\/ -->\n<title>Pool &amp; Spa im Hotel Christof \u2013 Ruhe &amp; Erholung in S\u00fcdtirol<\/title>\n<meta name=\"description\" content=\"Entspanne im Pool &amp; Spa des Hotel Christof in S\u00fcdtirol: Wasseroase, Sauna und R\u00fcckzug in den Dolomiten \u2013 bewusst anders, atmosph\u00e4risch und erholsam.\" \/>\n<meta name=\"robots\" content=\"index, follow, max-snippet:-1, max-image-preview:large, max-video-preview:-1\" \/>\n<link rel=\"canonical\" href=\"https:\/\/www.hotel-christof.com\/it\/pool-and-spa\/\" \/>\n<meta property=\"og:locale\" content=\"it_IT\" \/>\n<meta property=\"og:type\" content=\"article\" \/>\n<meta property=\"og:title\" content=\"Pool &amp; Spa im Hotel Christof \u2013 Ruhe &amp; Erholung in S\u00fcdtirol\" \/>\n<meta property=\"og:description\" content=\"Entspanne im Pool &amp; Spa des Hotel Christof in S\u00fcdtirol: Wasseroase, Sauna und R\u00fcckzug in den Dolomiten \u2013 bewusst anders, atmosph\u00e4risch und erholsam.\" \/>\n<meta property=\"og:url\" content=\"https:\/\/www.hotel-christof.com\/it\/pool-and-spa\/\" \/>\n<meta property=\"og:site_name\" content=\"Sleep With Christof\" \/>\n<meta property=\"article:modified_time\" content=\"2026-04-03T16:05:01+00:00\" \/>\n<meta name=\"twitter:card\" content=\"summary_large_image\" \/>\n<meta name=\"twitter:label1\" content=\"Tempo di lettura stimato\" \/>\n\t<meta name=\"twitter:data1\" content=\"3 minuti\" \/>\n<script type=\"application\/ld+json\" class=\"yoast-schema-graph\">{\"@context\":\"https:\\\/\\\/schema.org\",\"@graph\":[{\"@type\":\"WebPage\",\"@id\":\"https:\\\/\\\/www.hotel-christof.com\\\/it\\\/pool-and-spa\\\/\",\"url\":\"https:\\\/\\\/www.hotel-christof.com\\\/it\\\/pool-and-spa\\\/\",\"name\":\"Pool & Spa im Hotel Christof \u2013 Ruhe & Erholung in S\u00fcdtirol\",\"isPartOf\":{\"@id\":\"https:\\\/\\\/www.hotel-christof.com\\\/it\\\/#website\"},\"datePublished\":\"2025-03-30T22:23:42+00:00\",\"dateModified\":\"2026-04-03T16:05:01+00:00\",\"description\":\"Entspanne im Pool & Spa des Hotel Christof in S\u00fcdtirol: Wasseroase, Sauna und R\u00fcckzug in den Dolomiten \u2013 bewusst anders, atmosph\u00e4risch und erholsam.\",\"breadcrumb\":{\"@id\":\"https:\\\/\\\/www.hotel-christof.com\\\/it\\\/pool-and-spa\\\/#breadcrumb\"},\"inLanguage\":\"it-IT\",\"potentialAction\":[{\"@type\":\"ReadAction\",\"target\":[\"https:\\\/\\\/www.hotel-christof.com\\\/it\\\/pool-and-spa\\\/\"]}]},{\"@type\":\"BreadcrumbList\",\"@id\":\"https:\\\/\\\/www.hotel-christof.com\\\/it\\\/pool-and-spa\\\/#breadcrumb\",\"itemListElement\":[{\"@type\":\"ListItem\",\"position\":1,\"name\":\"Startseite\",\"item\":\"https:\\\/\\\/www.hotel-christof.com\\\/it\\\/\"},{\"@type\":\"ListItem\",\"position\":2,\"name\":\"POOL &#038; SPA\"}]},{\"@type\":\"WebSite\",\"@id\":\"https:\\\/\\\/www.hotel-christof.com\\\/it\\\/#website\",\"url\":\"https:\\\/\\\/www.hotel-christof.com\\\/it\\\/\",\"name\":\"Sleep With Christof\",\"description\":\"\",\"potentialAction\":[{\"@type\":\"SearchAction\",\"target\":{\"@type\":\"EntryPoint\",\"urlTemplate\":\"https:\\\/\\\/www.hotel-christof.com\\\/it\\\/?s={search_term_string}\"},\"query-input\":{\"@type\":\"PropertyValueSpecification\",\"valueRequired\":true,\"valueName\":\"search_term_string\"}}],\"inLanguage\":\"it-IT\"}]}<\/script>\n<!-- \/ Yoast SEO plugin. -->","yoast_head_json":{"title":"Pool & Spa im Hotel Christof \u2013 Ruhe & Erholung in S\u00fcdtirol","description":"Entspanne im Pool & Spa des Hotel Christof in S\u00fcdtirol: Wasseroase, Sauna und R\u00fcckzug in den Dolomiten \u2013 bewusst anders, atmosph\u00e4risch und erholsam.","robots":{"index":"index","follow":"follow","max-snippet":"max-snippet:-1","max-image-preview":"max-image-preview:large","max-video-preview":"max-video-preview:-1"},"canonical":"https:\/\/www.hotel-christof.com\/it\/pool-and-spa\/","og_locale":"it_IT","og_type":"article","og_title":"Pool & Spa im Hotel Christof \u2013 Ruhe & Erholung in S\u00fcdtirol","og_description":"Entspanne im Pool & Spa des Hotel Christof in S\u00fcdtirol: Wasseroase, Sauna und R\u00fcckzug in den Dolomiten \u2013 bewusst anders, atmosph\u00e4risch und erholsam.","og_url":"https:\/\/www.hotel-christof.com\/it\/pool-and-spa\/","og_site_name":"Sleep With Christof","article_modified_time":"2026-04-03T16:05:01+00:00","twitter_card":"summary_large_image","twitter_misc":{"Tempo di lettura stimato":"3 minuti"},"schema":{"@context":"https:\/\/schema.org","@graph":[{"@type":"WebPage","@id":"https:\/\/www.hotel-christof.com\/it\/pool-and-spa\/","url":"https:\/\/www.hotel-christof.com\/it\/pool-and-spa\/","name":"Pool & Spa im Hotel Christof \u2013 Ruhe & Erholung in S\u00fcdtirol","isPartOf":{"@id":"https:\/\/www.hotel-christof.com\/it\/#website"},"datePublished":"2025-03-30T22:23:42+00:00","dateModified":"2026-04-03T16:05:01+00:00","description":"Entspanne im Pool & Spa des Hotel Christof in S\u00fcdtirol: Wasseroase, Sauna und R\u00fcckzug in den Dolomiten \u2013 bewusst anders, atmosph\u00e4risch und erholsam.","breadcrumb":{"@id":"https:\/\/www.hotel-christof.com\/it\/pool-and-spa\/#breadcrumb"},"inLanguage":"it-IT","potentialAction":[{"@type":"ReadAction","target":["https:\/\/www.hotel-christof.com\/it\/pool-and-spa\/"]}]},{"@type":"BreadcrumbList","@id":"https:\/\/www.hotel-christof.com\/it\/pool-and-spa\/#breadcrumb","itemListElement":[{"@type":"ListItem","position":1,"name":"Startseite","item":"https:\/\/www.hotel-christof.com\/it\/"},{"@type":"ListItem","position":2,"name":"POOL &#038; SPA"}]},{"@type":"WebSite","@id":"https:\/\/www.hotel-christof.com\/it\/#website","url":"https:\/\/www.hotel-christof.com\/it\/","name":"Sleep With Christof","description":"","potentialAction":[{"@type":"SearchAction","target":{"@type":"EntryPoint","urlTemplate":"https:\/\/www.hotel-christof.com\/it\/?s={search_term_string}"},"query-input":{"@type":"PropertyValueSpecification","valueRequired":true,"valueName":"search_term_string"}}],"inLanguage":"it-IT"}]}},"_links":{"self":[{"href":"https:\/\/www.hotel-christof.com\/it\/wp-json\/wp\/v2\/pages\/2801","targetHints":{"allow":["GET"]}}],"collection":[{"href":"https:\/\/www.hotel-christof.com\/it\/wp-json\/wp\/v2\/pages"}],"about":[{"href":"https:\/\/www.hotel-christof.com\/it\/wp-json\/wp\/v2\/types\/page"}],"author":[{"embeddable":true,"href":"https:\/\/www.hotel-christof.com\/it\/wp-json\/wp\/v2\/users\/2"}],"replies":[{"embeddable":true,"href":"https:\/\/www.hotel-christof.com\/it\/wp-json\/wp\/v2\/comments?post=2801"}],"version-history":[{"count":11,"href":"https:\/\/www.hotel-christof.com\/it\/wp-json\/wp\/v2\/pages\/2801\/revisions"}],"predecessor-version":[{"id":3504,"href":"https:\/\/www.hotel-christof.com\/it\/wp-json\/wp\/v2\/pages\/2801\/revisions\/3504"}],"wp:attachment":[{"href":"https:\/\/www.hotel-christof.com\/it\/wp-json\/wp\/v2\/media?parent=2801"}],"curies":[{"name":"wp","href":"https:\/\/api.w.org\/{rel}","templated":true}]}}